{"id":82,"date":"2018-04-24T07:06:59","date_gmt":"2018-04-24T07:06:59","guid":{"rendered":"https:\/\/optico-demo.pbminfotech.com\/?page_id=3935"},"modified":"2026-02-06T10:21:55","modified_gmt":"2026-02-06T10:21:55","slug":"contact-us","status":"publish","type":"page","link":"https:\/\/drcerenyesilkaya.com\/en\/contact-us\/","title":{"rendered":"CONTACT US"},"content":{"rendered":"\t\t<div data-elementor-type=\"wp-page\" data-elementor-id=\"82\" class=\"elementor elementor-82\">\n\t\t\t\t\t\t<section class=\"elementor-section elementor-top-section elementor-element elementor-element-2c8e01f elementor-section-stretched ts-bg-color-yes ts-bgcolor-grey ts-col-stretched-none ts-bg-color-over-image elementor-section-boxed elementor-section-height-default elementor-section-height-default\" data-id=\"2c8e01f\" data-element_type=\"section\" data-settings=\"{&quot;stretch_section&quot;:&quot;section-stretched&quot;}\">\n\t\t\t\t\t\t<div class=\"elementor-container elementor-column-gap-no\">\n\t\t\t\t\t<div class=\"elementor-column elementor-col-100 elementor-top-column elementor-element elementor-element-f299695 ts-bg-color-over-image\" data-id=\"f299695\" data-element_type=\"column\">\n\t\t\t<div class=\"elementor-widget-wrap elementor-element-populated\">\n\t\t\t\t\t\t<div class=\"elementor-element elementor-element-751643a ts-align-center elementor-widget elementor-widget-ts_heading\" data-id=\"751643a\" data-element_type=\"widget\" data-widget_type=\"ts_heading.default\">\n\t\t\t\t<div class=\"elementor-widget-container\">\n\t\t\t\t\t\t<div class=\"ts-heading-subheading ts-reverse-heading-yes\"><h4 class=\"ts-custom-heading ts-custom-subtitle\">\r\n\t\t\t\t\r\n\t\t\t\t\tGET IN TOUCH\r\n\t\t\t\t\r\n\t\t\t\t<\/h4>\r\n\t\t\t<h2 class=\"ts-custom-heading ts-custom-heading-title\">\r\n\t\t\t\t\r\n\t\t\t\t\tSHARE YOUR EYE HEALTH<strong> <br>\nQUESTIONS\nWITH US..<\/strong>\r\n\t\t\t\t\r\n\t\t\t\t<\/h2>\r\n\t\t\t<div class=\"ts-heading-desc\">You can email us anytime to get advice on reports or data related to your eye health.<\/div><\/div>\t\t\t\t<\/div>\n\t\t\t\t<\/div>\n\t\t\t\t\t<\/div>\n\t\t<\/div>\n\t\t\t\t\t<\/div>\n\t\t<\/section>\n\t\t\t\t<section class=\"elementor-section elementor-top-section elementor-element elementor-element-ca2234d ts-bg-color-yes ts-bgcolor-grey elementor-section-stretched ts-col-stretched-none ts-bg-color-over-image elementor-section-boxed elementor-section-height-default elementor-section-height-default\" data-id=\"ca2234d\" data-element_type=\"section\" data-settings=\"{&quot;stretch_section&quot;:&quot;section-stretched&quot;}\">\n\t\t\t\t\t\t<div class=\"elementor-container elementor-column-gap-no\">\n\t\t\t\t\t<div class=\"elementor-column elementor-col-33 elementor-top-column elementor-element elementor-element-98c08a2 ts-bg-color-over-image\" data-id=\"98c08a2\" data-element_type=\"column\">\n\t\t\t<div class=\"elementor-widget-wrap elementor-element-populated\">\n\t\t\t\t\t\t<div class=\"elementor-element elementor-element-acb1100 elementor-widget elementor-widget-ts_icon_heading\" data-id=\"acb1100\" data-element_type=\"widget\" data-widget_type=\"ts_icon_heading.default\">\n\t\t\t\t<div class=\"elementor-widget-container\">\n\t\t\t\t\t<div class=\"ts-servicebox ts-servicebox-style-4 ts-sbox-style-4 ts-sbox-itype-icon\">\r\n\r\n\t<div class=\"ts-sbox-icon\">\r\n\t\t<div class=\"ts-sbox-icon\"><div class=\"ts-sbox-icon-wrapper\"><i class=\"flaticon flaticon-testing-glasses\"><\/i><\/div><\/div>\t<\/div>\r\n\r\n\t<div class=\"ts-sbox-contents\">\r\n\t\t<h2 class=\"ts-custom-heading\">\r\n\t\t\t\t\t\r\n\t\t\t\t\t\tPhone\r\n\t\t\t\t\t\r\n\t\t\t\t\t<\/h2>\r\n\t\t\t\t\t\r\n\t\t\t\t\t<div class=\"ts-ihbox-content\"><p>Phone WhatsApp:  +90 537 858 7807<br>\n<\/p><\/div>\r\n\t\t\t\t\t<\/div><!-- .ts-sbox-contents -->\r\n\r\n<\/div>\r\n\r\n\t\t\t\t<\/div>\n\t\t\t\t<\/div>\n\t\t\t\t\t<\/div>\n\t\t<\/div>\n\t\t\t\t<div class=\"elementor-column elementor-col-33 elementor-top-column elementor-element elementor-element-d8157ab ts-bg-color-over-image\" data-id=\"d8157ab\" data-element_type=\"column\">\n\t\t\t<div class=\"elementor-widget-wrap elementor-element-populated\">\n\t\t\t\t\t\t<div class=\"elementor-element elementor-element-c012955 elementor-widget elementor-widget-ts_icon_heading\" data-id=\"c012955\" data-element_type=\"widget\" data-widget_type=\"ts_icon_heading.default\">\n\t\t\t\t<div class=\"elementor-widget-container\">\n\t\t\t\t\t<div class=\"ts-servicebox ts-servicebox-style-4 ts-sbox-style-4 ts-sbox-itype-icon\">\r\n\r\n\t<div class=\"ts-sbox-icon\">\r\n\t\t<div class=\"ts-sbox-icon\"><div class=\"ts-sbox-icon-wrapper\"><i class=\"flaticon flaticon-lens-holder\"><\/i><\/div><\/div>\t<\/div>\r\n\r\n\t<div class=\"ts-sbox-contents\">\r\n\t\t<h2 class=\"ts-custom-heading\">\r\n\t\t\t\t\t\r\n\t\t\t\t\t\tAddress\r\n\t\t\t\t\t\r\n\t\t\t\t\t<\/h2>\r\n\t\t\t\t\t\r\n\t\t\t\t\t<div class=\"ts-ihbox-content\"><p> Esentepe, B\u00fcy\u00fckdere Cd. No:165, 34394 \u015ei\u015fli\/\u0130stanbul <\/p><\/div>\r\n\t\t\t\t\t<\/div><!-- .ts-sbox-contents -->\r\n\r\n<\/div>\r\n\r\n\t\t\t\t<\/div>\n\t\t\t\t<\/div>\n\t\t\t\t\t<\/div>\n\t\t<\/div>\n\t\t\t\t<div class=\"elementor-column elementor-col-33 elementor-top-column elementor-element elementor-element-b51fa65 ts-bg-color-over-image\" data-id=\"b51fa65\" data-element_type=\"column\">\n\t\t\t<div class=\"elementor-widget-wrap elementor-element-populated\">\n\t\t\t\t\t\t<div class=\"elementor-element elementor-element-16ef1df elementor-widget elementor-widget-ts_icon_heading\" data-id=\"16ef1df\" data-element_type=\"widget\" data-widget_type=\"ts_icon_heading.default\">\n\t\t\t\t<div class=\"elementor-widget-container\">\n\t\t\t\t\t<div class=\"ts-servicebox ts-servicebox-style-4 ts-sbox-style-4 ts-sbox-itype-icon\">\r\n\r\n\t<div class=\"ts-sbox-icon\">\r\n\t\t<div class=\"ts-sbox-icon\"><div class=\"ts-sbox-icon-wrapper\"><i class=\"flaticon flaticon-boy\"><\/i><\/div><\/div>\t<\/div>\r\n\r\n\t<div class=\"ts-sbox-contents\">\r\n\t\t<h2 class=\"ts-custom-heading\">\r\n\t\t\t\t\t\r\n\t\t\t\t\t\tPhone\r\n\t\t\t\t\t\r\n\t\t\t\t\t<\/h2>\r\n\t\t\t\t\t\r\n\t\t\t\t\t<div class=\"ts-ihbox-content\"><p>info@drcerenyesilkaya.com<\/p><\/div>\r\n\t\t\t\t\t<\/div><!-- .ts-sbox-contents -->\r\n\r\n<\/div>\r\n\r\n\t\t\t\t<\/div>\n\t\t\t\t<\/div>\n\t\t\t\t\t<\/div>\n\t\t<\/div>\n\t\t\t\t\t<\/div>\n\t\t<\/section>\n\t\t\t\t<section class=\"elementor-section elementor-top-section elementor-element elementor-element-02867a4 ts-bg-color-yes ts-bgcolor-grey elementor-section-stretched ts-col-stretched-none ts-bg-color-over-image elementor-section-boxed elementor-section-height-default elementor-section-height-default\" data-id=\"02867a4\" data-element_type=\"section\" data-settings=\"{&quot;stretch_section&quot;:&quot;section-stretched&quot;}\">\n\t\t\t\t\t\t<div class=\"elementor-container elementor-column-gap-no\">\n\t\t\t\t\t<div class=\"elementor-column elementor-col-50 elementor-top-column elementor-element elementor-element-168be23 ts-bg-color-over-image\" data-id=\"168be23\" data-element_type=\"column\" data-settings=\"{&quot;background_background&quot;:&quot;classic&quot;}\">\n\t\t\t<div class=\"elementor-widget-wrap elementor-element-populated\">\n\t\t\t\t\t\t\t<\/div>\n\t\t<\/div>\n\t\t\t\t<div class=\"elementor-column elementor-col-50 elementor-top-column elementor-element elementor-element-fa30765 ts-bg-color-yes ts-bgcolor-white ts-bg-color-over-image\" data-id=\"fa30765\" data-element_type=\"column\">\n\t\t\t<div class=\"elementor-widget-wrap elementor-element-populated\">\n\t\t\t\t\t\t<div class=\"elementor-element elementor-element-ee64b46 ts-skincolor-strong elementor-widget elementor-widget-heading\" data-id=\"ee64b46\" data-element_type=\"widget\" data-widget_type=\"heading.default\">\n\t\t\t\t<div class=\"elementor-widget-container\">\n\t\t\t\t\t<h4 class=\"elementor-heading-title elementor-size-default\">Please send a message  <font color=\"#7fc540\"><b> +90 537 858 7807<\/b><\/font><\/h4>\t\t\t\t<\/div>\n\t\t\t\t<\/div>\n\t\t\t\t<div class=\"elementor-element elementor-element-e588d60 elementor-widget elementor-widget-text-editor\" data-id=\"e588d60\" data-element_type=\"widget\" data-widget_type=\"text-editor.default\">\n\t\t\t\t<div class=\"elementor-widget-container\">\n\t\t\t\t\t\t\t\t\t<p>For your WhatsApp messages\u00a0<\/p>\t\t\t\t\t\t\t\t<\/div>\n\t\t\t\t<\/div>\n\t\t\t\t<div class=\"elementor-element elementor-element-4071281 elementor-widget elementor-widget-shortcode\" data-id=\"4071281\" data-element_type=\"widget\" data-widget_type=\"shortcode.default\">\n\t\t\t\t<div class=\"elementor-widget-container\">\n\t\t\t\t\t\t\t<div class=\"elementor-shortcode\">\n<div class=\"wpcf7 no-js\" id=\"wpcf7-f1139-o1\" lang=\"en-US\" dir=\"ltr\" data-wpcf7-id=\"1139\">\n<div class=\"screen-reader-response\"><p role=\"status\" aria-live=\"polite\" aria-atomic=\"true\"><\/p> <ul><\/ul><\/div>\n<form action=\"\/en\/wp-json\/wp\/v2\/pages\/82#wpcf7-f1139-o1\" method=\"post\" class=\"wpcf7-form init\" aria-label=\"Contact form\" novalidate=\"novalidate\" data-status=\"init\">\n<fieldset class=\"hidden-fields-container\"><input type=\"hidden\" name=\"_wpcf7\" value=\"1139\" \/><input type=\"hidden\" name=\"_wpcf7_version\" value=\"6.1.1\" \/><input type=\"hidden\" name=\"_wpcf7_locale\" value=\"en_US\" \/><input type=\"hidden\" name=\"_wpcf7_unit_tag\" value=\"wpcf7-f1139-o1\" \/><input type=\"hidden\" name=\"_wpcf7_container_post\" value=\"0\" \/><input type=\"hidden\" name=\"_wpcf7_posted_data_hash\" value=\"\" \/>\n<\/fieldset>\n<div class=\"row gx-3\">\n\t<div class=\"form-group col-12\">\n\t\t<p><span class=\"wpcf7-form-control-wrap\" data-name=\"text-320\"><input size=\"40\" maxlength=\"400\" class=\"wpcf7-form-control wpcf7-text wpcf7-validates-as-required form-control style2\" id=\"name\" aria-required=\"true\" aria-invalid=\"false\" placeholder=\"Full Name\" value=\"\" type=\"text\" name=\"text-320\" \/><\/span>\n\t\t<\/p>\n\t<\/div>\n\t<div class=\"form-group col-12\">\n\t\t<p><span class=\"wpcf7-form-control-wrap\" data-name=\"email-142\"><input size=\"40\" maxlength=\"400\" class=\"wpcf7-form-control wpcf7-email wpcf7-validates-as-required wpcf7-text wpcf7-validates-as-email form-control style2\" id=\"email-142\" aria-required=\"true\" aria-invalid=\"false\" placeholder=\"E-Mail\" value=\"\" type=\"email\" name=\"email-142\" \/><\/span>\n\t\t<\/p>\n\t<\/div>\n\t<div class=\"form-group col-12\">\n\t\t<p><span class=\"wpcf7-form-control-wrap\" data-name=\"tel-349\"><input size=\"40\" maxlength=\"400\" class=\"wpcf7-form-control wpcf7-tel wpcf7-validates-as-required wpcf7-text wpcf7-validates-as-tel form-control style2\" id=\"tel-349\" aria-required=\"true\" aria-invalid=\"false\" placeholder=\"Phone\" value=\"\" type=\"tel\" name=\"tel-349\" \/><\/span>\n\t\t<\/p>\n\t<\/div>\n\t<div class=\"form-group col-12\">\n\t\t<p><span class=\"wpcf7-form-control-wrap\" data-name=\"textarea-59\"><textarea cols=\"40\" rows=\"10\" maxlength=\"2000\" class=\"wpcf7-form-control wpcf7-textarea wpcf7-validates-as-required form-control style2\" id=\"textarea-59\" aria-required=\"true\" aria-invalid=\"false\" placeholder=\"Message\" name=\"textarea-59\"><\/textarea><\/span>\n\t\t<\/p>\n\t<\/div>\n\t<div class=\"form-btn col-12\">\n\t\t<p><button class=\"vs-btn style1 wpcf7-submit\">Send <\/button>\n\t\t<\/p>\n\t<\/div>\n<\/div>\n<p class=\"form-messages mb-0 mt-3 fs-md fw-bold\">\n<\/p><div class=\"wpcf7-response-output\" aria-hidden=\"true\"><\/div>\n<\/form>\n<\/div>\n<\/div>\n\t\t\t\t\t\t<\/div>\n\t\t\t\t<\/div>\n\t\t\t\t\t<\/div>\n\t\t<\/div>\n\t\t\t\t\t<\/div>\n\t\t<\/section>\n\t\t\t\t<section class=\"elementor-section elementor-top-section elementor-element elementor-element-0fe3074 elementor-section-full_width elementor-section-stretched ts-col-stretched-none ts-bg-color-over-image elementor-section-height-default elementor-section-height-default\" data-id=\"0fe3074\" data-element_type=\"section\" data-settings=\"{&quot;stretch_section&quot;:&quot;section-stretched&quot;}\">\n\t\t\t\t\t\t<div class=\"elementor-container elementor-column-gap-no\">\n\t\t\t\t\t<div class=\"elementor-column elementor-col-100 elementor-top-column elementor-element elementor-element-cb50d43 ts-bg-color-over-image\" data-id=\"cb50d43\" data-element_type=\"column\">\n\t\t\t<div class=\"elementor-widget-wrap elementor-element-populated\">\n\t\t\t\t\t\t<div class=\"elementor-element elementor-element-b00ab9d elementor-widget elementor-widget-google_maps\" data-id=\"b00ab9d\" data-element_type=\"widget\" data-widget_type=\"google_maps.default\">\n\t\t\t\t<div class=\"elementor-widget-container\">\n\t\t\t\t\t\t\t<div class=\"elementor-custom-embed\">\n\t\t\t<iframe loading=\"lazy\"\n\t\t\t\t\tsrc=\"https:\/\/maps.google.com\/maps?q=Esentepe%2C%20B%C3%BCy%C3%BCkdere%20Cd.%20No%3A165%2C%2034394%20%C5%9Ei%C5%9Fli%2F%C4%B0stanbul&#038;t=m&#038;z=10&#038;output=embed&#038;iwloc=near\"\n\t\t\t\t\ttitle=\"Esentepe, B\u00fcy\u00fckdere Cd. No:165, 34394 \u015ei\u015fli\/\u0130stanbul\"\n\t\t\t\t\taria-label=\"Esentepe, B\u00fcy\u00fckdere Cd. No:165, 34394 \u015ei\u015fli\/\u0130stanbul\"\n\t\t\t><\/iframe>\n\t\t<\/div>\n\t\t\t\t\t\t<\/div>\n\t\t\t\t<\/div>\n\t\t\t\t\t<\/div>\n\t\t<\/div>\n\t\t\t\t\t<\/div>\n\t\t<\/section>\n\t\t\t\t<\/div>\n\t\t","protected":false},"excerpt":{"rendered":"<p>GET IN TOUCH SHARE YOUR EYE HEALTH QUESTIONS WITH US.. You can email us anytime to get advice on reports or data related to your eye health. Phone Phone WhatsApp: +90 537 858 7807 Address Esentepe, B\u00fcy\u00fckdere Cd. No:165, 34394 \u015ei\u015fli\/\u0130stanbul Phone info@drcerenyesilkaya.com Please send a message +90 537 858 7807 For your WhatsApp messages\u00a0<\/p>\n","protected":false},"author":1,"featured_media":0,"parent":0,"menu_order":16,"comment_status":"closed","ping_status":"closed","template":"","meta":{"footnotes":""},"class_list":["post-82","page","type-page","status-publish","hentry"],"_links":{"self":[{"href":"https:\/\/drcerenyesilkaya.com\/en\/wp-json\/wp\/v2\/pages\/82","targetHints":{"allow":["GET"]}}],"collection":[{"href":"https:\/\/drcerenyesilkaya.com\/en\/wp-json\/wp\/v2\/pages"}],"about":[{"href":"https:\/\/drcerenyesilkaya.com\/en\/wp-json\/wp\/v2\/types\/page"}],"author":[{"embeddable":true,"href":"https:\/\/drcerenyesilkaya.com\/en\/wp-json\/wp\/v2\/users\/1"}],"replies":[{"embeddable":true,"href":"https:\/\/drcerenyesilkaya.com\/en\/wp-json\/wp\/v2\/comments?post=82"}],"version-history":[{"count":34,"href":"https:\/\/drcerenyesilkaya.com\/en\/wp-json\/wp\/v2\/pages\/82\/revisions"}],"predecessor-version":[{"id":1636,"href":"https:\/\/drcerenyesilkaya.com\/en\/wp-json\/wp\/v2\/pages\/82\/revisions\/1636"}],"wp:attachment":[{"href":"https:\/\/drcerenyesilkaya.com\/en\/wp-json\/wp\/v2\/media?parent=82"}],"curies":[{"name":"wp","href":"https:\/\/api.w.org\/{rel}","templated":true}]}}